{"id":4,"date":"2016-04-08T18:48:05","date_gmt":"2016-04-08T15:48:05","guid":{"rendered":"http:\/\/hotelparos.codibee.solutions\/home\/"},"modified":"2018-12-17T10:59:53","modified_gmt":"2018-12-17T08:59:53","slug":"home","status":"publish","type":"page","link":"https:\/\/www.hotelparos.net\/fr\/","title":{"rendered":"Accueil"},"content":{"rendered":"<p>Blotti dans une baie offrant une vue idyllique sur la petite ville et le port de Parikia, l&#8217;Hotel Paros occupe un site id\u00e9al pour une visite inoubliable de l&#8217;une des plus belles \u00eeles de la mer Eg\u00e9e.\u00a0Face \u00e0 une jolie plage de sable ponctu\u00e9e de quelques galets tout blancs et de coquillages, l&#8217;Hotel Paros offre une vue sans \u00e9gal sur l&#8217;un des couchers de soleil les plus spectavculaires de la mer Eg\u00e9e, depuis notre caf\u00e9-terrasse ou du balcon de nos chambres doubles situ\u00e9es \u00e0 l&#8217;\u00e9tage.<\/p>","protected":false},"excerpt":{"rendered":"<p>Blotti dans une baie offrant une vue idyllique sur la petite ville et le port de Parikia, l&#8217;Hotel Paros occupe un site id\u00e9al pour une visite inoubliable de l&#8217;une des plus belles \u00eeles de la mer Eg\u00e9e.\u00a0Face \u00e0 une jolie plage de sable ponctu\u00e9e de quelques galets tout blancs et de coquillages, l&#8217;Hotel Paros offre [&hellip;]<\/p>\n","protected":false},"author":1,"featured_media":183,"parent":0,"menu_order":0,"comment_status":"closed","ping_status":"closed","template":"","meta":{"footnotes":""},"class_list":["post-4","page","type-page","status-publish","has-post-thumbnail","hentry"],"_links":{"self":[{"href":"https:\/\/www.hotelparos.net\/fr\/wp-json\/wp\/v2\/pages\/4","targetHints":{"allow":["GET"]}}],"collection":[{"href":"https:\/\/www.hotelparos.net\/fr\/wp-json\/wp\/v2\/pages"}],"about":[{"href":"https:\/\/www.hotelparos.net\/fr\/wp-json\/wp\/v2\/types\/page"}],"author":[{"embeddable":true,"href":"https:\/\/www.hotelparos.net\/fr\/wp-json\/wp\/v2\/users\/1"}],"replies":[{"embeddable":true,"href":"https:\/\/www.hotelparos.net\/fr\/wp-json\/wp\/v2\/comments?post=4"}],"version-history":[{"count":4,"href":"https:\/\/www.hotelparos.net\/fr\/wp-json\/wp\/v2\/pages\/4\/revisions"}],"predecessor-version":[{"id":250,"href":"https:\/\/www.hotelparos.net\/fr\/wp-json\/wp\/v2\/pages\/4\/revisions\/250"}],"wp:featuredmedia":[{"embeddable":true,"href":"https:\/\/www.hotelparos.net\/fr\/wp-json\/wp\/v2\/media\/183"}],"wp:attachment":[{"href":"https:\/\/www.hotelparos.net\/fr\/wp-json\/wp\/v2\/media?parent=4"}],"curies":[{"name":"wp","href":"https:\/\/api.w.org\/{rel}","templated":true}]}}